{"id":87,"date":"2010-08-04T22:36:47","date_gmt":"2010-08-04T20:36:47","guid":{"rendered":"http:\/\/www.associazioneculturalelavisana.it\/public\/?page_id=87"},"modified":"2015-06-12T17:16:49","modified_gmt":"2015-06-12T15:16:49","slug":"via-ai-lavori-alla-torre-del-castello-28072010-ladige","status":"publish","type":"page","link":"https:\/\/www.associazioneculturalelavisana.it\/public\/?page_id=87","title":{"rendered":"&#8211; Via ai lavori alla torre del castello"},"content":{"rendered":"<p><a href=\"http:\/\/associazioneculturalelavisana.it\/public\/wp-content\/uploads\/2010\/08\/AD2807RE01-34.pdf\" target=\"_blank\">Quotidiano &#8220;L&#8217;Adige&#8221; pagina 34 del 28 luglio 2010<\/a><\/p>\n<p>Seconda fase del restauro al giardino dei Ciucioi, al portico e al criptoportico<\/p>\n<p>LAVIS &#8211; Ripartono i lavori di restauro del giardino botanico  Bortolotti, detto dei \u00abCiucioi\u00bb. Terminati nell\u2019autunno del 2009 i primi  interventi di restauro della casetta del giardiniere e della loggia  rinascimentale, previsti nel primo lotto, ora hanno inizio i lavori di  recupero e di valorizzazione della parte alta del giardino, compresi  nella seconda fase (2A) del secondo lotto, per un costo complessivo di  241.401 euro. Si tratta di un intervento finanziato per l\u201980% dalla  Soprintendenza per i beni architettonici della Provincia. Nello  specifico, l\u2019intervento di restauro, ad\u00a0 opera della ditta Moletta Gino  di Meano, interesser\u00e0 la Torre del castello crociato, del portico e del  criptoportico, realizzati in pietra di porfido. Ora, dopo la pulizia  delle aree interessate alle operazioni, sono stati montati i ponteggi e  la gru di cantiere.\u00a0 In questa primissima fase, inoltre, la direzione  dei lavori sta verificando la situazione statica della torre, che  presenta lesioni pi\u00f9 gravi di quanto previsto nel progetto iniziale.  L\u2019area del castello, con il porticato e con il criptoportico,  costituisce forse la parte pi\u00f9 affascinante e misteriosa dell\u2019intero  complesso che venne costruito da Tommaso Bortolotti fra il 1855 e il  1860. L\u2019accesso alla torre avviene partendo dalla sala interna detta  \u00abdel Camino\u00bb (o Sala dei crociati) che si affaccia sul torrente Avisio  dalla loggia rinascimentale.<br \/>\n\u00abTerminata questa fase di restauro \u2013 spiega il sindaco di Lavis Graziano  Pellegrini &#8211; non si esclude la possibilit\u00e0 di poter aprire al pubblico  il percorso compreso fra la casetta del giardiniere e la stessa Torre  del castello\u00bb. In questo modo il visitatore avrebbe la possibilit\u00e0 di  transitare per la Sala del camino e di ammirare il panorama della Valle  dell\u2019Adige dal punto di osservazione della loggia rinascimentale.  Inoltre, una\u00a0 volta completato il restauro dell\u2019intero complesso, con il  recupero finale della cattedrale, il giardino dei Ciucioi verr\u00e0  inserito in un percorso storiconaturalistico pi\u00f9 esteso che comprender\u00e0  il Doss Paion, Maso Franch e la serra di San Giorgio allo Zambel.<\/p>\n","protected":false},"excerpt":{"rendered":"<p>Quotidiano &#8220;L&#8217;Adige&#8221; pagina 34 del 28 luglio 2010 Seconda fase del restauro al giardino dei Ciucioi, al portico e al criptoportico LAVIS &#8211; Ripartono i lavori di restauro del giardino botanico Bortolotti, detto dei \u00abCiucioi\u00bb. Terminati nell\u2019autunno del 2009 i primi interventi di restauro della casetta del giardiniere e della loggia rinascimentale, previsti nel primo [&hellip;]<\/p>\n","protected":false},"author":2,"featured_media":0,"parent":19,"menu_order":0,"comment_status":"closed","ping_status":"closed","template":"","meta":{"_acf_changed":false,"footnotes":""},"class_list":["post-87","page","type-page","status-publish","hentry"],"acf":[],"_links":{"self":[{"href":"https:\/\/www.associazioneculturalelavisana.it\/public\/index.php?rest_route=\/wp\/v2\/pages\/87","targetHints":{"allow":["GET"]}}],"collection":[{"href":"https:\/\/www.associazioneculturalelavisana.it\/public\/index.php?rest_route=\/wp\/v2\/pages"}],"about":[{"href":"https:\/\/www.associazioneculturalelavisana.it\/public\/index.php?rest_route=\/wp\/v2\/types\/page"}],"author":[{"embeddable":true,"href":"https:\/\/www.associazioneculturalelavisana.it\/public\/index.php?rest_route=\/wp\/v2\/users\/2"}],"replies":[{"embeddable":true,"href":"https:\/\/www.associazioneculturalelavisana.it\/public\/index.php?rest_route=%2Fwp%2Fv2%2Fcomments&post=87"}],"version-history":[{"count":2,"href":"https:\/\/www.associazioneculturalelavisana.it\/public\/index.php?rest_route=\/wp\/v2\/pages\/87\/revisions"}],"predecessor-version":[{"id":695,"href":"https:\/\/www.associazioneculturalelavisana.it\/public\/index.php?rest_route=\/wp\/v2\/pages\/87\/revisions\/695"}],"up":[{"embeddable":true,"href":"https:\/\/www.associazioneculturalelavisana.it\/public\/index.php?rest_route=\/wp\/v2\/pages\/19"}],"wp:attachment":[{"href":"https:\/\/www.associazioneculturalelavisana.it\/public\/index.php?rest_route=%2Fwp%2Fv2%2Fmedia&parent=87"}],"curies":[{"name":"wp","href":"https:\/\/api.w.org\/{rel}","templated":true}]}}