{"id":39,"date":"2008-06-03T11:50:38","date_gmt":"2008-06-03T09:50:38","guid":{"rendered":"http:\/\/www.associazioneculturalelavisana.it\/public\/?page_id=39"},"modified":"2019-11-17T15:41:37","modified_gmt":"2019-11-17T13:41:37","slug":"statuto","status":"publish","type":"page","link":"https:\/\/www.associazioneculturalelavisana.it\/public\/?page_id=39","title":{"rendered":"Statuto dell&#8217;Associazione"},"content":{"rendered":"<p style=\"text-align: center;\">STATUTO<br \/>\ndell\u2019Associazione Culturale Lavisana<br \/>\n(cos\u00ec come modificato dall\u2019Assemblea dei Soci del 02\/03\/2018)<\/p>\n<p><b>Art. 1 &#8211; Costituzione<\/b><\/p>\n<p>Nello spirito della Costituzione della Repubblica Italiana ed in base agli art. 36 e segg. del Codice Civile \u00e8 costituita la \u201cAssociazione Culturale Lavisana\u201d con sede legale in Lavis, presso il Presidente pro tempore e sede operativa presso i locali messi a disposizione dall&#8217;Amministrazione Comunale (di seguito \u201cAssociazione\u201d).<\/p>\n<p>L\u2019Associazione \u00e8 un\u2019organizzazione autonoma, apolitica e non persegue scopi di lucro.<\/p>\n<p>L\u2019Associazione risponde delle sue obbligazioni nei limiti del proprio patrimonio.<\/p>\n<p><b>Art. 2 &#8211; Finalit\u00e0<\/b><\/p>\n<p>L\u2019Associazione si propone di sviluppare tra i Soci e i Cittadini l\u2019interessamento alla cultura intesa nel suo significato pi\u00f9 elevato e pi\u00f9 ampio, promuovendo e patrocinando manifestazioni ed iniziative in tal senso.<\/p>\n<p>Dalle specifiche e particolari ricerche di carattere storico-artistico, alle pi\u00f9 varie attivit\u00e0 nell\u2019ambito sociale, l\u2019Associazione terr\u00e0 sempre presente l\u2019interesse delle persone e della Comunit\u00e0 intera.<\/p>\n<p>Potr\u00e0 inoltre offrire la sua collaborazione a quelle societ\u00e0 e associazioni che operano in campo analogo al proprio.<\/p>\n<p><b>Art. 3 &#8211; Finanziamento<\/b><\/p>\n<p>L\u2019Associazione, per lo svolgimento delle proprie attivit\u00e0, si finanzia attraverso le quote sociali, i contributi volontari dei Soci e di soggetti terzi, i finanziamenti pubblici e\\o privati ed eventuali introiti derivanti da particolari attivit\u00e0 o manifestazioni.<\/p>\n<p><b>Art. 4 &#8211; Soci<\/b><\/p>\n<p>Possono far parte dell\u2019Associazione le persone fisiche, d\u2019ambo i sessi, che abbiano compiuto i diciotto anni d\u2019et\u00e0.<\/p>\n<p>Il numero dei Soci \u00e8 illimitato.<\/p>\n<p>Per essere ammessi in qualit\u00e0 di Socio \u00e8 necessario presentare domanda al Consiglio Direttivo dell\u2019Associazione, il quale si riserva di accogliere o respingere la domanda stessa; qualora la richiesta non fosse accettata, dovranno essere dichiarati i motivi della decisione. Il conferimento della tessera di Socio richiede l\u2019unanimit\u00e0 di voti del Consiglio Direttivo.<\/p>\n<p>Nella domanda di ammissione a Socio il richiedente deve indicare i propri dati anagrafici, autorizzare il trattamento degli stessi ai sensi del Decreto Legislativo nr. 196 del 30 giugno 2003 (Disposizioni in materia di protezione dei dati personali &#8211; privacy), nonch\u00e9 dichiarare di attenersi al presente Statuto ed alle deliberazioni degli Organi Sociali.<\/p>\n<p>Il conferimento della tessera di Socio prevede il pagamento di una quota associativa \u201cuna tantum\u201d, il cui importo sar\u00e0 stabilito di anno in anno dal Consiglio Direttivo.<\/p>\n<p>I Soci che non avranno presentato per iscritto le loro dimissioni entro il 31 ottobre di ogni anno saranno considerati Soci anche per l\u2019anno successivo.<\/p>\n<p><b>Art. 5 &#8211; Diritti e doveri del Socio<\/b><\/p>\n<p>Il Socio si impegna ad osservare lo Statuto, i regolamenti interni e le deliberazioni prese dagli Organi Sociali; a collaborare attivamente all\u2019organizzazione e gestione delle varie manifestazioni e iniziative indette dall\u2019Associazione nei limiti delle proprie disponibilit\u00e0 ed attitudini; a mantenere una condotta corretta.<\/p>\n<p>Tutti i Soci hanno il diritto di partecipare alle Assemblee e hanno il diritto di voto per l\u2019approvazione e le modifiche dello Statuto e dei regolamenti e per la nomina degli Organi Direttivi dell\u2019Associazione.<\/p>\n<p><b>Art. 6 &#8211; Perdita della qualit\u00e0 di Socio<\/b><\/p>\n<p>La qualit\u00e0 di Socio si perde per decesso, per dimissioni volontarie o per radiazione da parte del Consiglio Direttivo.<\/p>\n<p><b>Art. 7 &#8211; Assemblea dei Soci<\/b><\/p>\n<p>L\u2019Assemblea dei Soci viene convocata dalla Direzione, ogniqualvolta lo ritenga necessario, oppure su proposta scritta di almeno un terzo dei Soci.<\/p>\n<p>L\u2019Assemblea dei Soci deve essere convocata almeno una volta all\u2019anno per provvedere a deliberare sul rendiconto finanziario e sullo stato patrimoniale dell\u2019Associazione.<\/p>\n<p>La data e l\u2019ordine del giorno dell\u2019Assemblea sono notificati ai Soci con i mezzi ritenuti pi\u00f9 opportuni e, in ogni caso, con un preavviso di almeno sette giorni.<\/p>\n<p>Tutti i Soci hanno diritto di intervenire e partecipare alle votazioni.<\/p>\n<p>Per la costituzione dell\u2019Assemblea e per la validit\u00e0 delle sue deliberazioni \u00e8 necessaria la presenza di almeno il cinquanta per cento pi\u00f9 uno dei Soci.<\/p>\n<p>In caso di mancato raggiungimento del numero legale pu\u00f2 essere prevista una seconda convocazione; in quest\u2019ultimo caso l\u2019Assemblea \u00e8 valida qualunque sia il numero dei Soci presenti.<\/p>\n<p>La data ed il luogo della seconda convocazione possono essere previsti nello stesso avviso di convocazione della prima Assemblea. La seconda convocazione pu\u00f2 svolgersi lo stesso giorno indicato per la prima convocazione ma con una differenza di orario di almeno un\u2019ora.<\/p>\n<p>Il Presidente dell\u2019Assemblea \u00e8 il Presidente del Consiglio Direttivo; in sua assenza, il Presidente dell\u2019Assemblea \u00e8 nominato dai Soci.<\/p>\n<p>L\u2019Assemblea delibera a maggioranza di voti dei Soci presenti.<\/p>\n<p>In caso di parit\u00e0 di voti nelle Assemblee elettive si procede mediante ballottaggio.<\/p>\n<p>L\u2019Assemblea delibera sul bilancio consuntivo e preventivo, sugli indirizzi e direttive generali dell\u2019Associazione, sulla nomina dei componenti del Consiglio Direttivo e su tutto quant\u2019altro ad essa demandato per legge o per Statuto.<\/p>\n<p>I Soci riuniti in Assemblea possono modificare il presente Statuto. La deliberazione di modifica dello Statuto deve essere presa con una maggioranza di almeno due terzi dei presenti.<\/p>\n<p><b>Art. 8 &#8211; Consiglio Direttivo<\/b><\/p>\n<p>L\u2019Associazione \u00e8 retta da un Consiglio composto da almeno sette membri eletti dall\u2019Assemblea dei Soci tra persone che diano affidamento sull\u2019attuazione delle iniziative e finalit\u00e0 perseguite dall\u2019Associazione.<\/p>\n<p>Il Consiglio Direttivo dovr\u00e0 poi eleggere al suo interno un Presidente, un Vice Presidente, un Direttore, un Segretario e un Tesoriere.<\/p>\n<p>Tutti i membri del Consiglio Direttivo restano in carica un triennio, fino alla convocazione di una nuova Assemblea e sono rieleggibili.<\/p>\n<p>Il Consiglio Direttivo si riunisce ogni qual volta ve ne sia la necessit\u00e0, su iniziativa del Presidente o di almeno due Consiglieri.<\/p>\n<p>Le deliberazioni del Consiglio Direttivo sono prese a maggioranza dei voti dei Consiglieri presenti. In caso di parit\u00e0 di voti prevale quello del Presidente.<\/p>\n<p>In caso di morte, dimissioni o radiazione di Consiglieri prima della scadenza del mandato, il Consiglio Direttivo provvede alla loro sostituzione per cooptazione. I Consiglieri cos\u00ec eletti rimangono in carica sino alla scadenza naturale degli altri componenti.<\/p>\n<p><b>Art. 9 &#8211; Mansioni del Consiglio Direttivo<\/b><\/p>\n<p>Il Presidente dirige le attivit\u00e0 dell\u2019Associazione e la rappresenta legalmente in tutti i suoi atti. In sua comprovata assenza \u00e8 sostituito dal Vice Presidente.<\/p>\n<p>Il Direttore assiste il Presidente, coordina le attivit\u00e0 dell\u2019Associazione, appronta ed istruisce le varie pratiche necessarie all\u2019organizzazione e allo svolgimento delle manifestazioni ed iniziative programmate dalla Associazione.<\/p>\n<p>Il Segretario assiste il Consiglio Direttivo, la Presidenza e l\u2019Assemblea dei Soci, redige i verbali delle riunioni, assicura l\u2019esecuzione delle deliberazioni e provvede al normale funzionamento burocratico.<\/p>\n<p>Il Tesoriere \u00e8 responsabile della tenuta dei registri contabili e di gestione, cura gli incassi ed i pagamenti avvalendosi del conto corrente o del libretto bancario dell\u2019Associazione.<\/p>\n<p>Il Consiglio Direttivo pu\u00f2 conferire particolari incarichi onorifici ad altre persone anche non socie.<\/p>\n<p><b>Art. 10 &#8211; Compensi<\/b><\/p>\n<p>Tutte le cariche sociali sono gratuite. Saranno per\u00f2 rimborsate le spese documentate sostenute dai Soci nell\u2019espletamento delle iniziative deliberate dal Consiglio Direttivo ed autorizzate dal Presidente<span class=\"Apple-converted-space\">\u00a0 <\/span>dell&#8217;Associazione.<span class=\"Apple-converted-space\">\u00a0<\/span><\/p>\n<p><b>Art 11 \u2013 Bilancio di esercizio<\/b><\/p>\n<p><b> <\/b>L&#8217;esercizio sociale inizia il 1\u00b0 gennaio e termina il 31 dicembre di ogni anno. Alla fine di ogni esercizio il Consiglio Direttivo provvede alla redazione del relativo bilancio d&#8217;esercizio.<\/p>\n<p>Il bilancio d&#8217;esercizio deve essere presentato all&#8217;Assemblea dei Soci per l&#8217;approvazione entro 120 giorni dalla chiusura dell&#8217;esercizio sociale.<\/p>\n<p>Eventuali utili e avanzi di gestione non potranno in nessun modo essere distribuiti fra i soci e dovranno essere impiegati per la realizzazione delle attivit\u00e0 istituzionali e di quelle ad esse direttamente connesse negli esercizi successivi.<\/p>\n<p><b>Art. 12 \u2013 Responsabilit\u00e0<\/b><\/p>\n<p>L\u2019Associazione non assume alcuna responsabilit\u00e0 nei confronti dei propri Soci per qualsiasi danno che gli stessi potessero subire in occasione di manifestazioni od iniziative promosse dall\u2019Associazione.<\/p>\n<p><b>Art. 13 &#8211; Patrimonio<\/b><\/p>\n<p>Il patrimonio dell\u2019Associazione \u00e8 composto da eventuali eccedenze finanziarie di gestione e da tutti i beni del Circolo Video-fotoamatori e da quelli che alla stessa sono pervenuti o pervengono ad ogni titolo.<\/p>\n<p><b>Art. 14 &#8211; Scioglimento dell\u2019Associazione<\/b><\/p>\n<p>Lo scioglimento dell\u2019Associazione potr\u00e0 essere deliberato solo da un\u2019Assemblea Straordinaria appositamente convocata, con il voto favorevole di almeno due terzi dei Soci presenti. In tal caso il patrimonio sociale sar\u00e0 destinato ad Enti o Istituzioni locali aventi analoghe finalit\u00e0.<\/p>\n<p><b>Art. 15 &#8211; Rinvio<\/b><\/p>\n<p>Per tutto quanto non stabilito nel presente Statuto o per quanto stabilito in contrasto con le norme del Codice Civile fanno sempre fede queste ultime.<\/p>\n<p><i>Il presente Statuto \u00e8 stato approvato dall\u2019Assemblea dei Soci convocata in data 26\/11\/1978 con modifiche approvate delle assemblee del 25\/01\/1983, 26\/03\/1984, 30\/07\/1996, 22\/10\/1996, 04\/04\/2002, 20\/03\/2008 e 02\/03\/2018<\/i><\/p>\n<p><i>Il Segretario<\/i><\/p>\n<p>Eleonora Zen<\/p>\n<p><i>Il Presidente<\/i><\/p>\n<p>Daniele Donati<\/p>\n","protected":false},"excerpt":{"rendered":"<p>STATUTO dell\u2019Associazione Culturale Lavisana (cos\u00ec come modificato dall\u2019Assemblea dei Soci del 02\/03\/2018) Art. 1 &#8211; Costituzione Nello spirito della Costituzione della Repubblica Italiana ed in base agli art. 36 e segg. del Codice Civile \u00e8 costituita la \u201cAssociazione Culturale Lavisana\u201d con sede legale in Lavis, presso il Presidente pro tempore e sede operativa presso i [&hellip;]<\/p>\n","protected":false},"author":2,"featured_media":0,"parent":3,"menu_order":2,"comment_status":"closed","ping_status":"open","template":"","meta":{"_acf_changed":false,"footnotes":""},"class_list":["post-39","page","type-page","status-publish","hentry"],"acf":[],"_links":{"self":[{"href":"https:\/\/www.associazioneculturalelavisana.it\/public\/index.php?rest_route=\/wp\/v2\/pages\/39","targetHints":{"allow":["GET"]}}],"collection":[{"href":"https:\/\/www.associazioneculturalelavisana.it\/public\/index.php?rest_route=\/wp\/v2\/pages"}],"about":[{"href":"https:\/\/www.associazioneculturalelavisana.it\/public\/index.php?rest_route=\/wp\/v2\/types\/page"}],"author":[{"embeddable":true,"href":"https:\/\/www.associazioneculturalelavisana.it\/public\/index.php?rest_route=\/wp\/v2\/users\/2"}],"replies":[{"embeddable":true,"href":"https:\/\/www.associazioneculturalelavisana.it\/public\/index.php?rest_route=%2Fwp%2Fv2%2Fcomments&post=39"}],"version-history":[{"count":6,"href":"https:\/\/www.associazioneculturalelavisana.it\/public\/index.php?rest_route=\/wp\/v2\/pages\/39\/revisions"}],"predecessor-version":[{"id":1362,"href":"https:\/\/www.associazioneculturalelavisana.it\/public\/index.php?rest_route=\/wp\/v2\/pages\/39\/revisions\/1362"}],"up":[{"embeddable":true,"href":"https:\/\/www.associazioneculturalelavisana.it\/public\/index.php?rest_route=\/wp\/v2\/pages\/3"}],"wp:attachment":[{"href":"https:\/\/www.associazioneculturalelavisana.it\/public\/index.php?rest_route=%2Fwp%2Fv2%2Fmedia&parent=39"}],"curies":[{"name":"wp","href":"https:\/\/api.w.org\/{rel}","templated":true}]}}