{"id":1211,"date":"2019-02-15T17:31:02","date_gmt":"2019-02-15T15:31:02","guid":{"rendered":"http:\/\/www.associazioneculturalelavisana.it\/public\/?page_id=1211"},"modified":"2019-02-15T17:54:24","modified_gmt":"2019-02-15T15:54:24","slug":"ilmulo-it","status":"publish","type":"page","link":"https:\/\/www.associazioneculturalelavisana.it\/public\/?page_id=1211","title":{"rendered":"ilMulo.it"},"content":{"rendered":"<p><strong><a href=\"https:\/\/www.ilmulo.it\">ilMulo.it<\/a><\/strong> \u00e8 il magazine online dell&#8217;Associazione Culturale Lavisana.<\/p>\n<p>Lo scopo principale \u00e8 scoprire e diffondere <span class=\"_4yxo\">la storia <\/span>del paese. Con uno sguardo per\u00f2 rivolto anche alle notizie di tutti i giorni.<\/p>\n<p>ilMulo.it\u00a0\u00e8 un progetto nato come <a href=\"https:\/\/www.ilmulo.it\/2019\/01\/19\/e-arrivato-ilmulo-ecco-la-storia-del-suo-viaggio\/\" target=\"_blank\" rel=\"noopener\">attivit\u00e0 di volontariato<\/a>\u00a0ed \u00e8\u00a0aperto a tutti quelli che ne vogliono essere parte.<br \/>\nSe hai qualcosa che vuoi raccontare o vuoi capire meglio come puoi partecipare\u00a0<a href=\"mailto:redazione@ilmulo.it\">scrivici<\/a>!<\/p>\n<p>___________________<\/p>\n<p><a href=\"http:\/\/www.ilmulo.it\">SEGUI IL MULO&#8230;<\/a><\/p>\n<p><a href=\"http:\/\/www.ilmulo.it\"><img loading=\"lazy\" decoding=\"async\" class=\"\" src=\"https:\/\/www.ilmulo.it\/wp-content\/uploads\/2018\/09\/cropped-mulo_logo.png\" alt=\"ilMulo.it\" width=\"400\" height=\"55\" \/><\/a><\/p>\n<p>&nbsp;<\/p>\n<p>___________________<\/p>\n","protected":false},"excerpt":{"rendered":"<p>ilMulo.it \u00e8 il magazine online dell&#8217;Associazione Culturale Lavisana. Lo scopo principale \u00e8 scoprire e diffondere la storia del paese. Con uno sguardo per\u00f2 rivolto anche alle notizie di tutti i giorni. ilMulo.it\u00a0\u00e8 un progetto nato come attivit\u00e0 di volontariato\u00a0ed \u00e8\u00a0aperto a tutti quelli che ne vogliono essere parte. Se hai qualcosa che vuoi raccontare o [&hellip;]<\/p>\n","protected":false},"author":3,"featured_media":0,"parent":0,"menu_order":5,"comment_status":"closed","ping_status":"open","template":"","meta":{"_acf_changed":false,"footnotes":""},"class_list":["post-1211","page","type-page","status-publish","hentry"],"acf":[],"_links":{"self":[{"href":"https:\/\/www.associazioneculturalelavisana.it\/public\/index.php?rest_route=\/wp\/v2\/pages\/1211","targetHints":{"allow":["GET"]}}],"collection":[{"href":"https:\/\/www.associazioneculturalelavisana.it\/public\/index.php?rest_route=\/wp\/v2\/pages"}],"about":[{"href":"https:\/\/www.associazioneculturalelavisana.it\/public\/index.php?rest_route=\/wp\/v2\/types\/page"}],"author":[{"embeddable":true,"href":"https:\/\/www.associazioneculturalelavisana.it\/public\/index.php?rest_route=\/wp\/v2\/users\/3"}],"replies":[{"embeddable":true,"href":"https:\/\/www.associazioneculturalelavisana.it\/public\/index.php?rest_route=%2Fwp%2Fv2%2Fcomments&post=1211"}],"version-history":[{"count":13,"href":"https:\/\/www.associazioneculturalelavisana.it\/public\/index.php?rest_route=\/wp\/v2\/pages\/1211\/revisions"}],"predecessor-version":[{"id":1233,"href":"https:\/\/www.associazioneculturalelavisana.it\/public\/index.php?rest_route=\/wp\/v2\/pages\/1211\/revisions\/1233"}],"wp:attachment":[{"href":"https:\/\/www.associazioneculturalelavisana.it\/public\/index.php?rest_route=%2Fwp%2Fv2%2Fmedia&parent=1211"}],"curies":[{"name":"wp","href":"https:\/\/api.w.org\/{rel}","templated":true}]}}