{"id":1163,"date":"2018-10-02T21:15:39","date_gmt":"2018-10-02T19:15:39","guid":{"rendered":"http:\/\/www.associazioneculturalelavisana.it\/public\/?page_id=1163"},"modified":"2018-10-02T21:18:33","modified_gmt":"2018-10-02T19:18:33","slug":"operetta-immorale","status":"publish","type":"page","link":"https:\/\/www.associazioneculturalelavisana.it\/public\/?page_id=1163","title":{"rendered":"Operetta immorale"},"content":{"rendered":"<p><strong>OPERETTA IMMORALE<\/strong><br \/>\n<strong>Ispirato al libro\u00a0 &#8220;Le prostitute ci precederanno&#8221; di\u00a0Charlie Barnao<\/strong><\/p>\n<p>Lavinia \u00e8 una ragazza sveglia. Lavinia fa la prostituta, alle prese con un pacco misterioso contenente schegge del suo passato. Operetta Immorale \u00e8 la storia di una donna costretta a confrontarsi con la paura e con il passato, in una giornata che non dimenticher\u00e0 mai. Una storia che ne racconta altre. Una storia molto pi\u00f9 vicina a noi di quanto non pensiamo.<\/p>\n<p><b><strong>Per saperne di pi\u00f9<\/strong><br \/>\n<\/b>&gt;\u00a0<a href=\"http:\/\/www.associazioneculturalelavisana.it\/public\/?page_id=859\" target=\"_blank\">Compagnia teatrale La Burrasca<\/a><\/p>\n","protected":false},"excerpt":{"rendered":"<p>OPERETTA IMMORALE Ispirato al libro\u00a0 &#8220;Le prostitute ci precederanno&#8221; di\u00a0Charlie Barnao Lavinia \u00e8 una ragazza sveglia. Lavinia fa la prostituta, alle prese con un pacco misterioso contenente schegge del suo passato. Operetta Immorale \u00e8 la storia di una donna costretta a confrontarsi con la paura e con il passato, in una giornata che non dimenticher\u00e0 [&hellip;]<\/p>\n","protected":false},"author":3,"featured_media":0,"parent":859,"menu_order":5,"comment_status":"closed","ping_status":"open","template":"","meta":{"_acf_changed":false,"footnotes":""},"class_list":["post-1163","page","type-page","status-publish","hentry"],"acf":[],"_links":{"self":[{"href":"https:\/\/www.associazioneculturalelavisana.it\/public\/index.php?rest_route=\/wp\/v2\/pages\/1163","targetHints":{"allow":["GET"]}}],"collection":[{"href":"https:\/\/www.associazioneculturalelavisana.it\/public\/index.php?rest_route=\/wp\/v2\/pages"}],"about":[{"href":"https:\/\/www.associazioneculturalelavisana.it\/public\/index.php?rest_route=\/wp\/v2\/types\/page"}],"author":[{"embeddable":true,"href":"https:\/\/www.associazioneculturalelavisana.it\/public\/index.php?rest_route=\/wp\/v2\/users\/3"}],"replies":[{"embeddable":true,"href":"https:\/\/www.associazioneculturalelavisana.it\/public\/index.php?rest_route=%2Fwp%2Fv2%2Fcomments&post=1163"}],"version-history":[{"count":3,"href":"https:\/\/www.associazioneculturalelavisana.it\/public\/index.php?rest_route=\/wp\/v2\/pages\/1163\/revisions"}],"predecessor-version":[{"id":1167,"href":"https:\/\/www.associazioneculturalelavisana.it\/public\/index.php?rest_route=\/wp\/v2\/pages\/1163\/revisions\/1167"}],"up":[{"embeddable":true,"href":"https:\/\/www.associazioneculturalelavisana.it\/public\/index.php?rest_route=\/wp\/v2\/pages\/859"}],"wp:attachment":[{"href":"https:\/\/www.associazioneculturalelavisana.it\/public\/index.php?rest_route=%2Fwp%2Fv2%2Fmedia&parent=1163"}],"curies":[{"name":"wp","href":"https:\/\/api.w.org\/{rel}","templated":true}]}}